{"id":7496,"date":"2024-05-21T01:20:18","date_gmt":"2024-05-20T23:20:18","guid":{"rendered":"https:\/\/kefi-school.com\/?page_id=7496"},"modified":"2024-05-21T01:29:07","modified_gmt":"2024-05-20T23:29:07","slug":"elementor-7496","status":"publish","type":"page","link":"https:\/\/kefi-school.com\/index.php\/elementor-7496\/","title":{"rendered":"Qui sommes-nous ?"},"content":{"rendered":"\t\t<div data-elementor-type=\"wp-page\" data-elementor-id=\"7496\" class=\"elementor elementor-7496\">\n\t\t\t\t<div class=\"elementor-element elementor-element-5b0648a e-flex e-con-boxed e-con e-parent\" data-id=\"5b0648a\" data-element_type=\"container\">\n\t\t\t\t\t<div class=\"e-con-inner\">\n\t\t\t\t<div class=\"elementor-element elementor-element-919282a elementor-widget elementor-widget-text-editor\" data-id=\"919282a\" data-element_type=\"widget\" data-widget_type=\"text-editor.default\">\n\t\t\t\t<div class=\"elementor-widget-container\">\n\t\t\t<style>\/*! elementor - v3.21.0 - 08-05-2024 *\/\n.elementor-widget-text-editor.elementor-drop-cap-view-stacked .elementor-drop-cap{background-color:#69727d;color:#fff}.elementor-widget-text-editor.elementor-drop-cap-view-framed .elementor-drop-cap{color:#69727d;border:3px solid;background-color:transparent}.elementor-widget-text-editor:not(.elementor-drop-cap-view-default) .elementor-drop-cap{margin-top:8px}.elementor-widget-text-editor:not(.elementor-drop-cap-view-default) .elementor-drop-cap-letter{width:1em;height:1em}.elementor-widget-text-editor .elementor-drop-cap{float:left;text-align:center;line-height:1;font-size:50px}.elementor-widget-text-editor .elementor-drop-cap-letter{display:inline-block}<\/style>\t\t\t\t<p><span style=\"font-weight: 400;\">Nous sommes KEFI une \u00e9cole priv\u00e9e hors contrat, r\u00e9f\u00e9renc\u00e9e aupr\u00e8s du rectorat de Paris, et implant\u00e9e \u00e0 Paris 17\u00e8me.<\/span><\/p><p><span style=\"font-weight: 400;\">Nous proposons les formations BTS suivantes :<\/span><\/p><ul><li style=\"font-weight: 400;\" aria-level=\"1\"><span style=\"font-weight: 400;\">BTS Gestion de la PME (GPME)<\/span><\/li><li style=\"font-weight: 400;\" aria-level=\"1\"><span style=\"font-weight: 400;\">BTS Management Commercial Op\u00e9rationnel (MCO)<\/span><\/li><li style=\"font-weight: 400;\" aria-level=\"1\"><span style=\"font-weight: 400;\">BTS N\u00e9gociation, Digitalisation, Relation Client (NDRC)<\/span><\/li><li style=\"font-weight: 400;\" aria-level=\"1\"><span style=\"font-weight: 400;\">BTS Support \u00e0 l\u2019Action Manag\u00e9riale (SAM)<\/span><\/li><li style=\"font-weight: 400;\" aria-level=\"1\"><span style=\"font-weight: 400;\">BTS Service Informatique aux Organisations (SIO)<\/span><\/li><\/ul><p>\u00a0<\/p><p><span style=\"font-weight: 400;\">Nous sommes dispos\u00e9s \u00e0 recevoir des \u00e9l\u00e8ves du monde entier, dans le cadre de cours en Fran\u00e7ais.<\/span><\/p><p><span style=\"font-weight: 400;\">Nous disposons d\u2019une exp\u00e9rience importante dans la formation dans le cadre de notre groupe ATK Conseils qui exerce dans le domaine de la formation<\/span><\/p><ul><li style=\"font-weight: 400;\" aria-level=\"1\"><span style=\"font-weight: 400;\">Formation continue depuis 2004 aupr\u00e8s de nombreuses entreprises<\/span><\/li><li style=\"font-weight: 400;\" aria-level=\"1\"><span style=\"font-weight: 400;\">Formation par l\u2019apprentissage depuis 2020, pour des titres de niveau 3, 4 et 5<\/span><\/li><\/ul>\t\t\t\t\t\t<\/div>\n\t\t\t\t<\/div>\n\t\t\t\t\t<\/div>\n\t\t\t\t<\/div>\n\t\t\t\t<\/div>\n\t\t","protected":false},"excerpt":{"rendered":"<p>Nous sommes KEFI une \u00e9cole priv\u00e9e hors contrat, r\u00e9f\u00e9renc\u00e9e aupr\u00e8s du rectorat de Paris, et implant\u00e9e \u00e0 Paris 17\u00e8me. Nous proposons les formations BTS suivantes : BTS Gestion de la PME (GPME) BTS Management Commercial Op\u00e9rationnel (MCO) BTS N\u00e9gociation, Digitalisation, Relation Client (NDRC) BTS Support \u00e0 l\u2019Action Manag\u00e9riale (SAM) BTS&#8230;<\/p>\n","protected":false},"author":1,"featured_media":0,"parent":0,"menu_order":0,"comment_status":"closed","ping_status":"closed","template":"","meta":{"footnotes":""},"class_list":["post-7496","page","type-page","status-publish","hentry"],"_links":{"self":[{"href":"https:\/\/kefi-school.com\/index.php\/wp-json\/wp\/v2\/pages\/7496","targetHints":{"allow":["GET"]}}],"collection":[{"href":"https:\/\/kefi-school.com\/index.php\/wp-json\/wp\/v2\/pages"}],"about":[{"href":"https:\/\/kefi-school.com\/index.php\/wp-json\/wp\/v2\/types\/page"}],"author":[{"embeddable":true,"href":"https:\/\/kefi-school.com\/index.php\/wp-json\/wp\/v2\/users\/1"}],"replies":[{"embeddable":true,"href":"https:\/\/kefi-school.com\/index.php\/wp-json\/wp\/v2\/comments?post=7496"}],"version-history":[{"count":7,"href":"https:\/\/kefi-school.com\/index.php\/wp-json\/wp\/v2\/pages\/7496\/revisions"}],"predecessor-version":[{"id":7507,"href":"https:\/\/kefi-school.com\/index.php\/wp-json\/wp\/v2\/pages\/7496\/revisions\/7507"}],"wp:attachment":[{"href":"https:\/\/kefi-school.com\/index.php\/wp-json\/wp\/v2\/media?parent=7496"}],"curies":[{"name":"wp","href":"https:\/\/api.w.org\/{rel}","templated":true}]}}